{"id":7,"date":"2024-09-27T17:16:36","date_gmt":"2024-09-27T17:16:36","guid":{"rendered":"http:\/\/baranowparafia.pl\/?page_id=7"},"modified":"2025-11-12T17:28:21","modified_gmt":"2025-11-12T17:28:21","slug":"o-parafii","status":"publish","type":"page","link":"https:\/\/baranowparafia.pl\/index.php\/o-parafii\/","title":{"rendered":"O parafii"},"content":{"rendered":"\r\n<p><em><strong>Rys historyczny:<\/strong><\/em>\u00a0Parafia zosta\u0142a erygowana w pa\u017adzierniku 1912 r. Powsta\u0142a z kilku wsi od\u0142\u0105czonych od parafii w Kaskach. Wcze\u015bniej w Baranowie istnia\u0142a drewniana kaplica z obrazami Matki Bo\u017cej i \u015bw. Antoniego, uchodz\u0105cymi i oficjalnie uznanymi w 1717 r. za cudowne. Budowa obecnego murowanego ko\u015bcio\u0142a trwa\u0142a od 1907 do 1920 r. i zosta\u0142a uko\u0144czona przez ks. Walentego Szufladowicza wed\u0142ug projektu architekt\u00f3w Stanis\u0142awa Grochowicza i Bronis\u0142awa Czosnowskiego. 8 XII 1920 r. zosta\u0142a po\u015bwi\u0119cona przez arcybiskupa metropolit\u0119 warszawskiego Aleksandra kard. Kakowskiego.<\/p>\r\n\r\n\r\n\r\n<p>Ko\u015bci\u00f3\u0142 zbudowano w stylu modernistycznym, charakterystycznym dla lat dwudziestych XX w. Budynek jest bia\u0142o tynkowany, z wysok\u0105 wie\u017c\u0105 na frontonie, z przy porami, kru\u017cgankiem przed krucht\u0105 oraz tyln\u0105 wie\u017cyczk\u0105 z sygnaturk\u0105. W czasie II wojny \u015bwiatowej popada\u0142 w ruin\u0119, a po wojnie przez wiele lat by\u0142 remontowany. Jest to \u015bwi\u0105tynia trzynawowa. W o\u0142tarzu g\u0142\u00f3wnym znajduje si\u0119 figuralna scena pod krzy\u017cem. o\u0142tarze w nawach bocznych s\u0105 po \u015bwi\u0119cone \u015bw. Stanis\u0142awowi Kostce i \u015awi\u0119tej Rodzinie. Przy prezbiterium wisz\u0105 obrazy Matki Bo\u017cej Cz\u0119stochowskiej i Jezusa Mi\u0142osiernego. W lewej kaplicy bocznej znajduje si\u0119 obraz \u015bw. J\u00f3zefa z Dzieci\u0105tkiem, a w prawej figura Matki Bo\u017cej depcz\u0105cej g\u0142ow\u0119 w\u0119\u017ca. Uwag\u0119 zwraca j\u0105 rze\u017abione stacje Drogi Krzy\u017cowej. Wyposa\u017cenie utrzymane jest w stylu modernistycznym.<\/p>\r\n\r\n\r\n\r\n<p><strong>Opracowa\u0142<\/strong>:\u00a0<strong><em>ks. kan. dr Pawe\u0142 Staniszewski<\/em><\/strong><\/p>\r\n\r\n\r\n\r\n<figure class=\"wp-block-image is-resized\"><img loading=\"lazy\" decoding=\"async\" width=\"591\" height=\"784\" class=\"wp-image-13\" style=\"width: 204px; height: auto;\" src=\"https:\/\/baranowparafia.pl\/wp-content\/uploads\/2024\/09\/asdasd.jpg\" alt=\"\" srcset=\"https:\/\/baranowparafia.pl\/wp-content\/uploads\/2024\/09\/asdasd.jpg 591w, https:\/\/baranowparafia.pl\/wp-content\/uploads\/2024\/09\/asdasd-226x300.jpg 226w\" sizes=\"auto, (max-width: 591px) 100vw, 591px\" \/><\/figure>\r\n\r\n\r\n\r\n<p>&nbsp;<\/p>\r\n","protected":false},"excerpt":{"rendered":"<p>Rys historyczny:\u00a0Parafia zosta\u0142a erygowana w pa\u017adzierniku 1912 r. Powsta\u0142a z kilku wsi od\u0142\u0105czonych od parafii w Kaskach. Wcze\u015bniej w Baranowie istnia\u0142a drewniana kaplica z obrazami Matki Bo\u017cej i \u015bw. Antoniego, uchodz\u0105cymi i oficjalnie uznanymi w 1717 r. za cudowne. Budowa obecnego murowanego ko\u015bcio\u0142a trwa\u0142a od 1907 do 1920 r. i zosta\u0142a uko\u0144czona przez ks. Walentego &#8230; <span class=\"more\"><a class=\"more-link\" href=\"https:\/\/baranowparafia.pl\/index.php\/o-parafii\/\">czytaj dalej&#8230;.<\/a><\/span><\/p>\n","protected":false},"author":1,"featured_media":0,"parent":0,"menu_order":0,"comment_status":"closed","ping_status":"closed","template":"","meta":{"footnotes":""},"class_list":["entry","page","publish","author-admin6172","post-7"],"_links":{"self":[{"href":"https:\/\/baranowparafia.pl\/index.php\/wp-json\/wp\/v2\/pages\/7","targetHints":{"allow":["GET"]}}],"collection":[{"href":"https:\/\/baranowparafia.pl\/index.php\/wp-json\/wp\/v2\/pages"}],"about":[{"href":"https:\/\/baranowparafia.pl\/index.php\/wp-json\/wp\/v2\/types\/page"}],"author":[{"embeddable":true,"href":"https:\/\/baranowparafia.pl\/index.php\/wp-json\/wp\/v2\/users\/1"}],"replies":[{"embeddable":true,"href":"https:\/\/baranowparafia.pl\/index.php\/wp-json\/wp\/v2\/comments?post=7"}],"version-history":[{"count":4,"href":"https:\/\/baranowparafia.pl\/index.php\/wp-json\/wp\/v2\/pages\/7\/revisions"}],"predecessor-version":[{"id":254,"href":"https:\/\/baranowparafia.pl\/index.php\/wp-json\/wp\/v2\/pages\/7\/revisions\/254"}],"wp:attachment":[{"href":"https:\/\/baranowparafia.pl\/index.php\/wp-json\/wp\/v2\/media?parent=7"}],"curies":[{"name":"wp","href":"https:\/\/api.w.org\/{rel}","templated":true}]}}