{"id":29,"date":"2024-10-01T17:50:14","date_gmt":"2024-10-01T17:50:14","guid":{"rendered":"https:\/\/baranowparafia.pl\/?page_id=29"},"modified":"2024-10-01T17:50:14","modified_gmt":"2024-10-01T17:50:14","slug":"intencje","status":"publish","type":"page","link":"https:\/\/baranowparafia.pl\/index.php\/intencje\/","title":{"rendered":"Intencje"},"content":{"rendered":"\n<p class=\"has-medium-font-size\"><strong><u>Intencje Mszy \u015bw. zam\u00f3wione w tym tygodniu:<\/u><\/strong><\/p>\n\n\n\n<p>Pn. 30.09 <strong><u>o godz. 17<\/u>:00<\/strong> O nawr\u00f3cenie i pojednanie dla El\u017cbiety (Kali\u0144skiej) z m\u0119\u017cem i jej synem z rodzin\u0105<\/p>\n\n\n\n<p>Wt. 01.10 <strong><u>o godz. 17<\/u>:00<\/strong> za \u015bp. Jana i Ann\u0119 \u015awiniarek z rodzicami, Zenona i Grzegorza \u015awiniarek<\/p>\n\n\n\n<p>\u015ar. 02.10 <strong><u>o godz. 17<\/u>:00<\/strong> W intencji zmar\u0142ych z Ko\u0142a \u017bywego R\u00f3\u017ca\u0144ca z Baranowa<\/p>\n\n\n\n<p>Cz. 03.10 <strong><u>o godz. 17<\/u>:00<\/strong> za dusze w czy\u015b\u0107cu<\/p>\n\n\n\n<p>Pt. 04.10 <strong><u>o godz. 17<\/u>:00<\/strong> za \u015bp. Janusza Szyma\u0144czaka, J\u00f3zef\u0119 i Franciszka Szyma\u0144czak<\/p>\n\n\n\n<p>Sob. 05.10 <strong><u>o godz.17<\/u>:00<\/strong> Msza \u015bw. Wypominkowa<\/p>\n\n\n\n<p><strong><u>06.10.2024r. \u2013 XXVII Niedziela okr. zw. r. B<\/u><\/strong><\/p>\n\n\n\n<p>\u00a0\u00a0\u00a0\u00a0\u00a0\u00a0\u00a0\u00a0 <strong>o godz. 8:00<\/strong> za \u015bp. Apoloni\u0119, J\u00f3zefa i Ryszarda Figurskich, Stanis\u0142aw\u0119 i Franciszka Pucha\u0142a, Stanis\u0142aw\u0119 i Stanis\u0142awa Szyma\u0144czak<\/p>\n\n\n\n<p>\u00a0\u00a0\u00a0\u00a0\u00a0\u00a0\u00a0\u00a0 <strong>o godz. 10:00<\/strong> za \u015bp. Franciszka (20 rocz. \u015bm.), Kazimier\u0119, Jana i J\u00f3zef\u0119  Olczak, Henryka i Mariann\u0119 Link, Kazimierza i Mariann\u0119 Parol<\/p>\n\n\n\n<p>\u00a0\u00a0\u00a0\u00a0\u00a0\u00a0\u00a0\u00a0 <strong>o godz. 12:00<\/strong> za parafian<\/p>\n","protected":false},"excerpt":{"rendered":"<p>Intencje Mszy \u015bw. zam\u00f3wione w tym tygodniu: Pn. 30.09 o godz. 17:00 O nawr\u00f3cenie i pojednanie dla El\u017cbiety (Kali\u0144skiej) z m\u0119\u017cem i jej synem z rodzin\u0105 Wt. 01.10 o godz. 17:00 za \u015bp. Jana i Ann\u0119 \u015awiniarek z rodzicami, Zenona i Grzegorza \u015awiniarek \u015ar. 02.10 o godz. 17:00 W intencji zmar\u0142ych z Ko\u0142a \u017bywego R\u00f3\u017ca\u0144ca &#8230; <span class=\"more\"><a class=\"more-link\" href=\"https:\/\/baranowparafia.pl\/index.php\/intencje\/\">czytaj dalej&#8230;.<\/a><\/span><\/p>\n","protected":false},"author":1,"featured_media":0,"parent":0,"menu_order":0,"comment_status":"closed","ping_status":"closed","template":"","meta":{"footnotes":""},"class_list":["entry","page","publish","author-admin6172","post-29"],"_links":{"self":[{"href":"https:\/\/baranowparafia.pl\/index.php\/wp-json\/wp\/v2\/pages\/29","targetHints":{"allow":["GET"]}}],"collection":[{"href":"https:\/\/baranowparafia.pl\/index.php\/wp-json\/wp\/v2\/pages"}],"about":[{"href":"https:\/\/baranowparafia.pl\/index.php\/wp-json\/wp\/v2\/types\/page"}],"author":[{"embeddable":true,"href":"https:\/\/baranowparafia.pl\/index.php\/wp-json\/wp\/v2\/users\/1"}],"replies":[{"embeddable":true,"href":"https:\/\/baranowparafia.pl\/index.php\/wp-json\/wp\/v2\/comments?post=29"}],"version-history":[{"count":1,"href":"https:\/\/baranowparafia.pl\/index.php\/wp-json\/wp\/v2\/pages\/29\/revisions"}],"predecessor-version":[{"id":30,"href":"https:\/\/baranowparafia.pl\/index.php\/wp-json\/wp\/v2\/pages\/29\/revisions\/30"}],"wp:attachment":[{"href":"https:\/\/baranowparafia.pl\/index.php\/wp-json\/wp\/v2\/media?parent=29"}],"curies":[{"name":"wp","href":"https:\/\/api.w.org\/{rel}","templated":true}]}}