{"id":21,"date":"2024-09-27T17:27:23","date_gmt":"2024-09-27T17:27:23","guid":{"rendered":"https:\/\/baranowparafia.pl\/?page_id=21"},"modified":"2024-09-27T17:28:15","modified_gmt":"2024-09-27T17:28:15","slug":"harmonogram","status":"publish","type":"page","link":"https:\/\/baranowparafia.pl\/index.php\/harmonogram\/","title":{"rendered":"Harmonogram"},"content":{"rendered":"\n<p><strong>Czas letni: Niedziele i \u015awi\u0119ta:<br>08:00, 10:00, 12:00<br>Dni powszednie:<br>17:00, 08:00 (w wakacje: pn. \u015br. pt. )<\/strong><\/p>\n\n\n\n<p><strong>Czas zimowy: Niedziele i \u015awi\u0119ta:<br>08:00, 10:00, 12:00<br>Dni powszednie:<br>17:00, 08:00 (w ferie zimowe: pn. \u015br. pt.)<\/strong><\/p>\n\n\n\n<p><\/p>\n","protected":false},"excerpt":{"rendered":"<p>Czas letni: Niedziele i \u015awi\u0119ta:08:00, 10:00, 12:00Dni powszednie:17:00, 08:00 (w wakacje: pn. \u015br. pt. ) Czas zimowy: Niedziele i \u015awi\u0119ta:08:00, 10:00, 12:00Dni powszednie:17:00, 08:00 (w ferie zimowe: pn. \u015br. pt.)<\/p>\n","protected":false},"author":1,"featured_media":0,"parent":0,"menu_order":0,"comment_status":"closed","ping_status":"closed","template":"","meta":{"footnotes":""},"class_list":["entry","page","publish","author-admin6172","post-21"],"_links":{"self":[{"href":"https:\/\/baranowparafia.pl\/index.php\/wp-json\/wp\/v2\/pages\/21","targetHints":{"allow":["GET"]}}],"collection":[{"href":"https:\/\/baranowparafia.pl\/index.php\/wp-json\/wp\/v2\/pages"}],"about":[{"href":"https:\/\/baranowparafia.pl\/index.php\/wp-json\/wp\/v2\/types\/page"}],"author":[{"embeddable":true,"href":"https:\/\/baranowparafia.pl\/index.php\/wp-json\/wp\/v2\/users\/1"}],"replies":[{"embeddable":true,"href":"https:\/\/baranowparafia.pl\/index.php\/wp-json\/wp\/v2\/comments?post=21"}],"version-history":[{"count":2,"href":"https:\/\/baranowparafia.pl\/index.php\/wp-json\/wp\/v2\/pages\/21\/revisions"}],"predecessor-version":[{"id":25,"href":"https:\/\/baranowparafia.pl\/index.php\/wp-json\/wp\/v2\/pages\/21\/revisions\/25"}],"wp:attachment":[{"href":"https:\/\/baranowparafia.pl\/index.php\/wp-json\/wp\/v2\/media?parent=21"}],"curies":[{"name":"wp","href":"https:\/\/api.w.org\/{rel}","templated":true}]}}